{"id":559,"date":"2011-06-27T00:41:56","date_gmt":"2011-06-26T22:41:56","guid":{"rendered":"http:\/\/katastrophos.net\/andre\/blog\/?page_id=559"},"modified":"2011-06-27T00:56:00","modified_gmt":"2011-06-26T22:56:00","slug":"impressum-imprint","status":"publish","type":"page","link":"https:\/\/katastrophos.net\/andre\/blog\/contact\/impressum-imprint\/","title":{"rendered":"Impressum \/ Imprint"},"content":{"rendered":"<p>Adresse des Betreibers von katastrophos.net:<\/p>\n<p>Andre Beckedorf<br \/>\nVon-Borries-Str. 25<br \/>\n26127 Oldenburg<br \/>\nGermany<\/p>\n<p>eMail: Andre _AT_ Beckedorf PUNKT net<\/p>\n<p>Verantwortlich f\u00c3\u00bcr Inhalte von http:\/\/katastrophos.net\/andre\/blog : Andre Beckedorf<br \/>\nTechnische Umsetzung: Andre Beckedorf<\/p>\n<p><strong>Haftungsausschlu\u00c3\u0178<\/strong><\/p>\n<p>Der Inhalt dieses privaten Web-Auftrittes i.S. des Teledienstegesetzes wurde sorgf\u00c3\u00a4ltig bearbeitet und \u00c3\u00bcberpr\u00c3\u00bcft. Der Betreiber \u00c3\u00bcbernimmt jedoch keine Gew\u00c3\u00a4hr f\u00c3\u00bcr die Aktualit\u00c3\u00a4t, Qualit\u00c3\u00a4t, Vollst\u00c3\u00a4ndigkeit oder Richtigkeit der zur Verf\u00c3\u00bcgung gestellten Informationen. Haftungsanspr\u00c3\u00bcche gegen dem Betreiber, die sich auf Sch\u00c3\u00a4den materieller oder sonstiger Art beziehen, welche durch die Nutzung oder Nichtnutzung der angebotenen Informationen oder durch fehlerhafte und unvollst\u00c3\u00a4ndige Informationen verursacht wurden, sind grunds\u00c3\u00a4tzlich ausgeschlossen. Der Betreiber beh\u00c3\u00a4lt sich ausdr\u00c3\u00bccklich das Recht vor, Teile der Seiten oder das komplette Angebot ohne vorherige Ank\u00c3\u00bcndigung zu \u00c3\u00a4ndern, zu erg\u00c3\u00a4nzen, zu l\u00c3\u00b6schen oder die Ver\u00c3\u00b6ffentlichung einzustellen.<br \/>\nAlle innerhalb dieser Web-Seiten angegebenen Warenzeichen, Produktnamen, Markenzeichen und Logos sind das alleinige Eigentum der jeweiligen Eigent\u00c3\u00bcmer. Der Betreiber macht sich diese nicht zueigen. F\u00c3\u00bcr Inhalte, die nach Auslegung des Medienstaatsvertrages auf die \u00c3\u00b6ffentliche Meinungsbildung abzielen, wird als verantwortlicher Redakteur der Betreiber der Seite benannt.<br \/>\nDer Betreiber ist nicht verantwortlich f\u00c3\u00bcr die Richtigkeit, die Verf\u00c3\u00bcgbarkeit, die Inhalte und die Genauigkeit sowie die Angebote, Links oder Werbeanzeigen der verlinkten Seiten. Der Betreiber haftet nicht f\u00c3\u00bcr strafbare, fehlerhafte oder unvollst\u00c3\u00a4ndige Inhalte der Links. Der Betreiber haftet insbesondere nicht f\u00c3\u00bcr Sch\u00c3\u00a4den, die durch die Nutzung oder Nichtnutzung der auf den verlinkten Seiten angebotenen Informationen entstehen. Der Betreiber beh\u00c3\u00a4lt sich das Recht vor, mi\u00c3\u0178br\u00c3\u00a4uchlich genutzte Links sofort zu entfernen.<br \/>\nSofern Teile oder einzelne Formulierungen dieses Textes nicht, nicht mehr oder nicht vollst\u00c3\u00a4ndig der geltenden Rechtslage entsprechen sollten, so bleiben die \u00c3\u00bcbrigen Teile des Textes in ihrem Inhalt und ihrer G\u00c3\u00bcltigkeit hiervon unber\u00c3\u00bchrt.<\/p>\n","protected":false},"excerpt":{"rendered":"<p>Adresse des Betreibers von katastrophos.net: Andre Beckedorf Von-Borries-Str. 25 26127 Oldenburg Germany eMail: Andre _AT_ Beckedorf PUNKT net Verantwortlich f\u00c3\u00bcr Inhalte von http:\/\/katastrophos.net\/andre\/blog : Andre Beckedorf Technische Umsetzung: Andre Beckedorf Haftungsausschlu\u00c3\u0178 Der Inhalt dieses privaten Web-Auftrittes i.S. des Teledienstegesetzes wurde sorgf\u00c3\u00a4ltig bearbeitet und \u00c3\u00bcberpr\u00c3\u00bcft. Der Betreiber \u00c3\u00bcbernimmt jedoch keine Gew\u00c3\u00a4hr f\u00c3\u00bcr die Aktualit\u00c3\u00a4t, Qualit\u00c3\u00a4t, Vollst\u00c3\u00a4ndigkeit [&hellip;]<\/p>\n","protected":false},"author":1,"featured_media":0,"parent":12,"menu_order":0,"comment_status":"closed","ping_status":"closed","template":"","meta":{"footnotes":""},"class_list":["post-559","page","type-page","status-publish","hentry"],"_links":{"self":[{"href":"https:\/\/katastrophos.net\/andre\/blog\/wp-json\/wp\/v2\/pages\/559"}],"collection":[{"href":"https:\/\/katastrophos.net\/andre\/blog\/wp-json\/wp\/v2\/pages"}],"about":[{"href":"https:\/\/katastrophos.net\/andre\/blog\/wp-json\/wp\/v2\/types\/page"}],"author":[{"embeddable":true,"href":"https:\/\/katastrophos.net\/andre\/blog\/wp-json\/wp\/v2\/users\/1"}],"replies":[{"embeddable":true,"href":"https:\/\/katastrophos.net\/andre\/blog\/wp-json\/wp\/v2\/comments?post=559"}],"version-history":[{"count":5,"href":"https:\/\/katastrophos.net\/andre\/blog\/wp-json\/wp\/v2\/pages\/559\/revisions"}],"predecessor-version":[{"id":562,"href":"https:\/\/katastrophos.net\/andre\/blog\/wp-json\/wp\/v2\/pages\/559\/revisions\/562"}],"up":[{"embeddable":true,"href":"https:\/\/katastrophos.net\/andre\/blog\/wp-json\/wp\/v2\/pages\/12"}],"wp:attachment":[{"href":"https:\/\/katastrophos.net\/andre\/blog\/wp-json\/wp\/v2\/media?parent=559"}],"curies":[{"name":"wp","href":"https:\/\/api.w.org\/{rel}","templated":true}]}}